{"id":426,"date":"2024-03-08T10:10:50","date_gmt":"2024-03-08T09:10:50","guid":{"rendered":"https:\/\/radimpex-group.com\/startseite\/"},"modified":"2024-04-04T10:14:21","modified_gmt":"2024-04-04T08:14:21","slug":"startseite","status":"publish","type":"page","link":"https:\/\/radimpex-group.com\/de\/","title":{"rendered":"Startseite"},"content":{"rendered":"<p>[et_pb_section fb_built=&#8220;1&#8243; _builder_version=&#8220;4.24.3&#8243; _module_preset=&#8220;default&#8220; background_enable_image=&#8220;off&#8220; background_video_webm=&#8220;https:\/\/radimpex-group.com\/wp-content\/uploads\/2024\/03\/radimpex-video.webm&#8220; background_enable_pattern_style=&#8220;on&#8220; background_pattern_style=&#8220;squares&#8220; background_pattern_size=&#8220;custom&#8220; background_pattern_width=&#8220;3px&#8220; height=&#8220;90vh&#8220; height_tablet=&#8220;70vh&#8220; height_phone=&#8220;70vh&#8220; height_last_edited=&#8220;on|tablet&#8220; custom_margin=&#8220;0px||0px||false|false&#8220; custom_padding=&#8220;0px||0px||false|false&#8220; hover_enabled=&#8220;0&#8243; background_last_edited=&#8220;off|desktop&#8220; background_video_mp4_tablet=&#8220;https:\/\/radimpex-group.com\/wp-content\/uploads\/2024\/03\/radimpex-video.mp4&#8243; background_enable_video_mp4_tablet=&#8220;on&#8220; background_enable_video_webm_tablet=&#8220;off&#8220; global_colors_info=&#8220;{}&#8220; title_text=&#8220;radimpex-video-velke&#8220; background_video_mp4=&#8220;https:\/\/radimpex-group.com\/wp-content\/uploads\/2024\/04\/radimpex-video-velke.mp4&#8243; sticky_enabled=&#8220;0&#8243;][et_pb_row _builder_version=&#8220;4.24.2&#8243; _module_preset=&#8220;default&#8220; positioning=&#8220;absolute&#8220; position_origin_a=&#8220;center_center&#8220; z_index=&#8220;5&#8243; width=&#8220;85%&#8220; animation_direction=&#8220;bottom&#8220; global_colors_info=&#8220;{}&#8220;][et_pb_column type=&#8220;4_4&#8243; _builder_version=&#8220;4.24.2&#8243; _module_preset=&#8220;default&#8220; animation_direction=&#8220;bottom&#8220; scroll_vertical_motion_enable=&#8220;on&#8220; scroll_vertical_motion=&#8220;0|50|50|100|0|0|5&#8243; scroll_fade_enable=&#8220;on&#8220; scroll_fade=&#8220;0|50|50|100|100%|100|0%&#8220; motion_trigger_start=&#8220;top&#8220; sticky_position_last_edited=&#8220;off|desktop&#8220; scroll_vertical_motion_tablet=&#8220;0|50|50|100|0|0|0&#8243; scroll_vertical_motion_phone=&#8220;0|50|50|100|0|0|0&#8243; scroll_vertical_motion_last_edited=&#8220;on|tablet&#8220; scroll_fade_tablet=&#8220;0|50|50|100|100%|100|100%&#8220; scroll_fade_phone=&#8220;0|50|50|100|100%|100|100%&#8220; scroll_fade_last_edited=&#8220;on|tablet&#8220; global_colors_info=&#8220;{}&#8220;][et_pb_text content_tablet=&#8220;<\/p>\n<h1>Wir sind Ihr <span style=%22font-size: 62px; line-height: 1.2em;%22>CNC<\/span>-Spezialist.<\/h1>\n<p>&#8220; content_phone=&#8220;<\/p>\n<h1>Wir sind Ihr <span style=%22font-size: 62px; line-height: 1.2em;%22>CNC<\/span>-Spezialist.<\/h1>\n<p>&#8220; content_last_edited=&#8220;off|desktop&#8220; _builder_version=&#8220;4.24.3&#8243; _module_preset=&#8220;default&#8220; header_font=&#8220;Sora|700|||||||&#8220; header_text_align=&#8220;left&#8220; header_text_color=&#8220;#FFFFFF&#8220; header_font_size=&#8220;4vw&#8220; header_letter_spacing=&#8220;-0.5px&#8220; header_line_height=&#8220;1.2em&#8220; header_font_size_tablet=&#8220;42px&#8220; header_font_size_phone=&#8220;42px&#8220; header_font_size_last_edited=&#8220;on|tablet&#8220; global_colors_info=&#8220;{}&#8220;]<\/p>\n<h1>Wir sind Ihr pr\u00e4ziser und zuverl\u00e4ssiger CNC-Partner<\/h1>\n<p>[\/et_pb_text][\/et_pb_column][\/et_pb_row][et_pb_row _builder_version=&#8220;4.24.2&#8243; _module_preset=&#8220;default&#8220; use_background_color_gradient=&#8220;on&#8220; background_color_gradient_stops=&#8220;rgba(22,26,40,0) 0%|#161a28 100%&#8220; positioning=&#8220;absolute&#8220; position_origin_a=&#8220;bottom_center&#8220; vertical_offset=&#8220;-1px&#8220; width=&#8220;100%&#8220; max_width=&#8220;100%&#8220; custom_margin=&#8220;||0px||false|false&#8220; custom_padding=&#8220;15vh||15vh||true|false&#8220; global_colors_info=&#8220;{}&#8220;][et_pb_column type=&#8220;4_4&#8243; _builder_version=&#8220;4.24.2&#8243; _module_preset=&#8220;default&#8220; global_colors_info=&#8220;{}&#8220;][\/et_pb_column][\/et_pb_row][\/et_pb_section][et_pb_section fb_built=&#8220;1&#8243; module_id=&#8220;uber-uns&#8220; _builder_version=&#8220;4.24.3&#8243; _module_preset=&#8220;default&#8220; background_color=&#8220;#161A28&#8243; custom_padding=&#8220;10vh||12vh||false|false&#8220; global_colors_info=&#8220;{}&#8220;][et_pb_row column_structure=&#8220;1_2,1_2&#8243; use_custom_gutter=&#8220;on&#8220; _builder_version=&#8220;4.24.2&#8243; _module_preset=&#8220;default&#8220; width=&#8220;85%&#8220; custom_margin=&#8220;|auto|7vh|auto|false|false&#8220; custom_padding=&#8220;0px||7vh||false|false&#8220; border_width_bottom=&#8220;1px&#8220; global_colors_info=&#8220;{}&#8220;][et_pb_column type=&#8220;1_2&#8243; _builder_version=&#8220;4.24.2&#8243; _module_preset=&#8220;default&#8220; global_colors_info=&#8220;{}&#8220;][et_pb_text _builder_version=&#8220;4.24.3&#8243; _module_preset=&#8220;default&#8220; text_font=&#8220;|600|||||||&#8220; text_text_color=&#8220;#FFFFFF&#8220; text_font_size=&#8220;36px&#8220; text_letter_spacing=&#8220;-0.25px&#8220; text_line_height=&#8220;1.4em&#8220; header_text_color=&#8220;#FFFFFF&#8220; header_2_font=&#8220;|700|||||||&#8220; header_2_text_color=&#8220;#FFFFFF&#8220; header_2_font_size=&#8220;36px&#8220; header_2_letter_spacing=&#8220;-0.25px&#8220; header_2_line_height=&#8220;1.4em&#8220; text_font_size_tablet=&#8220;28px&#8220; text_font_size_phone=&#8220;28px&#8220; text_font_size_last_edited=&#8220;on|desktop&#8220; header_2_font_size_tablet=&#8220;28px&#8220; header_2_font_size_phone=&#8220;28px&#8220; header_2_font_size_last_edited=&#8220;on|tablet&#8220; global_colors_info=&#8220;{}&#8220;]<\/p>\n<h2>Moderner und flexibler Lieferant von hochpr\u00e4zisen Dreh- und Fr\u00e4steilen nach Kundenzeichnung.<\/h2>\n<p>[\/et_pb_text][\/et_pb_column][et_pb_column type=&#8220;1_2&#8243; _builder_version=&#8220;4.24.2&#8243; _module_preset=&#8220;default&#8220; global_colors_info=&#8220;{}&#8220;][et_pb_text _builder_version=&#8220;4.24.3&#8243; _module_preset=&#8220;default&#8220; text_font=&#8220;|300|||||||&#8220; text_text_color=&#8220;#FFFFFF&#8220; text_font_size=&#8220;16px&#8220; text_letter_spacing=&#8220;-0.25px&#8220; text_line_height=&#8220;1.8em&#8220; text_font_size_tablet=&#8220;14px&#8220; text_font_size_phone=&#8220;14px&#8220; text_font_size_last_edited=&#8220;on|tablet&#8220; global_colors_info=&#8220;{}&#8220; text_text_color__hover_enabled=&#8220;off|hover&#8220; text_text_color__hover=&#8220;rgba(255,255,255,0.5)&#8220;]<\/p>\n<p>Unsere Firma RADIMPEX Group ist ein moderner, innovativer und flexibler Anbieter von hochpr\u00e4zisen Spritzgussteilen mit einer Genauigkeit von 0,01 mm. Wir bearbeiten eine sehr breite Palette von Werkst\u00fccken nach Ihren Zeichnungen und Modellen &#8211; haupts\u00e4chlich Pr\u00e4zisionsdreh- und -fr\u00e4steile in verschiedenen Materialien, einschlie\u00dflich W\u00e4rme- oder Oberfl\u00e4chenbehandlung &#8211; zum Beispiel 1. 2085; 1.2083; 2.2316; 1.2167; 1.2167; 1.2210; 1.2312; 1.2343; 1.2344; 1.2767 (50 HRc \/ 52 HRc \/ 56 HRc); 1.2842; 1. 4301 (V2A); Ampco 18; Kupfer; Messing; Aluminium und seine Legierungen (3.3547; 3.4365; AW-7075); AlZnMgCu 1.5-7075; 1.0038\/S235; 1.1730; Fibroflex. Jedes Teil wird mit der gew\u00fcnschten Gravur geliefert. Dank unseres Teams erfahrener Spezialisten und der kontinuierlichen Verbesserung der Technologie sind wir in der Lage, enge Toleranzen innerhalb von 10 Mikrometern (+0,01\/0; -0,01\/0; +\/- 0,005 mm) einzuhalten. Um mit uns zusammenzuarbeiten, senden Sie uns einfach eine Zeichnung und ein Modell, und wir k\u00fcmmern uns um den Rest.<\/p>\n<p>[\/et_pb_text][\/et_pb_column][\/et_pb_row][et_pb_row column_structure=&#8220;1_4,1_4,1_4,1_4&#8243; _builder_version=&#8220;4.24.2&#8243; _module_preset=&#8220;default&#8220; custom_padding=&#8220;0px||0px||true|false&#8220; global_colors_info=&#8220;{}&#8220;][et_pb_column type=&#8220;1_4&#8243; _builder_version=&#8220;4.24.2&#8243; _module_preset=&#8220;default&#8220; global_colors_info=&#8220;{}&#8220;][et_pb_blurb title=&#8220;Moderne CNC-Technik&#8220; use_icon=&#8220;on&#8220; font_icon=&#8220;&#x4c;||divi||400&#8243; image_icon_width=&#8220;28px&#8220; icon_alignment=&#8220;left&#8220; image_icon_width_tablet=&#8220;22px&#8220; image_icon_width_phone=&#8220;22px&#8220; image_icon_width_last_edited=&#8220;on|tablet&#8220; _builder_version=&#8220;4.24.3&#8243; _module_preset=&#8220;default&#8220; header_font=&#8220;|||on|||||&#8220; header_text_color=&#8220;#FFFFFF&#8220; header_font_size=&#8220;13px&#8220; header_letter_spacing=&#8220;0.5px&#8220; header_line_height=&#8220;1.4em&#8220; header_font_size_tablet=&#8220;12px&#8220; header_font_size_phone=&#8220;12px&#8220; header_font_size_last_edited=&#8220;on|tablet&#8220; custom_css_blurb_image=&#8220;margin-bottom:20px;&#8220; custom_css_blurb_title=&#8220;font-weight:200;&#8220; global_colors_info=&#8220;{}&#8220;][\/et_pb_blurb][\/et_pb_column][et_pb_column type=&#8220;1_4&#8243; _builder_version=&#8220;4.24.2&#8243; _module_preset=&#8220;default&#8220; global_colors_info=&#8220;{}&#8220;][et_pb_blurb title=&#8220;Genauigkeit in 10 Mikrometern&#8220; use_icon=&#8220;on&#8220; font_icon=&#8220;&#x4c;||divi||400&#8243; image_icon_width=&#8220;28px&#8220; icon_alignment=&#8220;left&#8220; image_icon_width_tablet=&#8220;22px&#8220; image_icon_width_phone=&#8220;22px&#8220; image_icon_width_last_edited=&#8220;on|tablet&#8220; _builder_version=&#8220;4.24.3&#8243; _module_preset=&#8220;default&#8220; header_font=&#8220;|||on|||||&#8220; header_text_color=&#8220;#FFFFFF&#8220; header_font_size=&#8220;13px&#8220; header_letter_spacing=&#8220;0.5px&#8220; header_line_height=&#8220;1.4em&#8220; header_font_size_tablet=&#8220;12px&#8220; header_font_size_phone=&#8220;12px&#8220; header_font_size_last_edited=&#8220;on|tablet&#8220; custom_css_blurb_image=&#8220;margin-bottom:20px;&#8220; custom_css_blurb_title=&#8220;font-weight:200;&#8220; global_colors_info=&#8220;{}&#8220;][\/et_pb_blurb][\/et_pb_column][et_pb_column type=&#8220;1_4&#8243; _builder_version=&#8220;4.24.2&#8243; _module_preset=&#8220;default&#8220; global_colors_info=&#8220;{}&#8220;][et_pb_blurb title=&#8220;Jedes Teil mit Gravur&#8220; use_icon=&#8220;on&#8220; font_icon=&#8220;&#x4c;||divi||400&#8243; image_icon_width=&#8220;28px&#8220; icon_alignment=&#8220;left&#8220; image_icon_width_tablet=&#8220;22px&#8220; image_icon_width_phone=&#8220;22px&#8220; image_icon_width_last_edited=&#8220;on|tablet&#8220; _builder_version=&#8220;4.24.3&#8243; _module_preset=&#8220;default&#8220; header_font=&#8220;|||on|||||&#8220; header_text_color=&#8220;#FFFFFF&#8220; header_font_size=&#8220;13px&#8220; header_letter_spacing=&#8220;0.5px&#8220; header_line_height=&#8220;1.4em&#8220; header_font_size_tablet=&#8220;12px&#8220; header_font_size_phone=&#8220;12px&#8220; header_font_size_last_edited=&#8220;on|tablet&#8220; custom_css_blurb_image=&#8220;margin-bottom:20px;&#8220; custom_css_blurb_title=&#8220;font-weight:200;&#8220; global_colors_info=&#8220;{}&#8220;][\/et_pb_blurb][\/et_pb_column][et_pb_column type=&#8220;1_4&#8243; _builder_version=&#8220;4.24.2&#8243; _module_preset=&#8220;default&#8220; global_colors_info=&#8220;{}&#8220;][et_pb_blurb title=&#8220;Kundenspezifische Bearbeitung&#8220; use_icon=&#8220;on&#8220; font_icon=&#8220;&#x4c;||divi||400&#8243; image_icon_width=&#8220;28px&#8220; icon_alignment=&#8220;left&#8220; image_icon_width_tablet=&#8220;22px&#8220; image_icon_width_phone=&#8220;22px&#8220; image_icon_width_last_edited=&#8220;on|tablet&#8220; _builder_version=&#8220;4.24.3&#8243; _module_preset=&#8220;default&#8220; header_font=&#8220;|||on|||||&#8220; header_text_color=&#8220;#FFFFFF&#8220; header_font_size=&#8220;13px&#8220; header_letter_spacing=&#8220;0.5px&#8220; header_line_height=&#8220;1.4em&#8220; header_font_size_tablet=&#8220;12px&#8220; header_font_size_phone=&#8220;12px&#8220; header_font_size_last_edited=&#8220;on|tablet&#8220; custom_css_blurb_image=&#8220;margin-bottom:20px;&#8220; custom_css_blurb_title=&#8220;font-weight:200;&#8220; global_colors_info=&#8220;{}&#8220;][\/et_pb_blurb][\/et_pb_column][\/et_pb_row][\/et_pb_section][et_pb_section fb_built=&#8220;1&#8243; module_id=&#8220;unsere-produkte&#8220; _builder_version=&#8220;4.24.2&#8243; _module_preset=&#8220;default&#8220; background_enable_image=&#8220;off&#8220; background_size=&#8220;custom&#8220; background_image_height=&#8220;65%&#8220; background_position=&#8220;bottom_left&#8220; background_horizontal_offset=&#8220;90%&#8220; custom_padding=&#8220;12vh||12vh||false|false&#8220; global_colors_info=&#8220;{}&#8220;][et_pb_row _builder_version=&#8220;4.24.2&#8243; _module_preset=&#8220;default&#8220; custom_padding=&#8220;0px||0px||true|false&#8220; global_colors_info=&#8220;{}&#8220;][et_pb_column type=&#8220;4_4&#8243; _builder_version=&#8220;4.24.2&#8243; _module_preset=&#8220;default&#8220; global_colors_info=&#8220;{}&#8220;][et_pb_text _builder_version=&#8220;4.24.2&#8243; _module_preset=&#8220;default&#8220; header_2_font=&#8220;|700|||||||&#8220; header_2_text_color=&#8220;#161A28&#8243; header_2_font_size=&#8220;42px&#8220; header_2_line_height=&#8220;1.2em&#8220; custom_margin=&#8220;||5vh||false|false&#8220; header_2_font_size_tablet=&#8220;26px&#8220; header_2_font_size_phone=&#8220;26px&#8220; header_2_font_size_last_edited=&#8220;on|tablet&#8220; global_colors_info=&#8220;{}&#8220;]<\/p>\n<h2>Unsere Produkte<\/h2>\n<p>[\/et_pb_text][et_pb_gallery gallery_ids=&#8220;186,187,188,189,190,191,192,193,194,195,196,197,198,199,200,201,202,203,204,205,206,207,208,209,210,211,212,213,214,215,216,217,218,219&#8243; posts_number=&#8220;8&#8243; show_title_and_caption=&#8220;off&#8220; zoom_icon_color=&#8220;#FFFFFF&#8220; hover_overlay_color=&#8220;rgba(0,141,247,0.5)&#8220; _builder_version=&#8220;4.24.2&#8243; _module_preset=&#8220;default&#8220; global_colors_info=&#8220;{}&#8220; custom_css_gallery_item_last_edited=&#8220;on|phone&#8220; custom_css_gallery_item_phone=&#8220;margin:0px!important;||min-width:50%;||max-width:50%;&#8220;][\/et_pb_gallery][\/et_pb_column][\/et_pb_row][\/et_pb_section]<\/p>\n","protected":false},"excerpt":{"rendered":"<p>Wir sind Ihr pr\u00e4ziser und zuverl\u00e4ssiger CNC-PartnerModerner und flexibler Lieferant von hochpr\u00e4zisen Dreh- und Fr\u00e4steilen nach Kundenzeichnung.Unsere Firma RADIMPEX Group ist ein moderner, innovativer und flexibler Anbieter von hochpr\u00e4zisen Spritzgussteilen mit einer Genauigkeit von 0,01 mm. Wir bearbeiten eine sehr breite Palette von Werkst\u00fccken nach Ihren Zeichnungen und Modellen &#8211; haupts\u00e4chlich Pr\u00e4zisionsdreh- und -fr\u00e4steile in [&hellip;]<\/p>\n","protected":false},"author":1,"featured_media":0,"parent":0,"menu_order":0,"comment_status":"closed","ping_status":"closed","template":"","meta":{"_et_pb_use_builder":"on","_et_pb_old_content":"","_et_gb_content_width":"","footnotes":""},"class_list":["post-426","page","type-page","status-publish","hentry"],"yoast_head":"<!-- This site is optimized with the Yoast SEO plugin v27.4 - https:\/\/yoast.com\/product\/yoast-seo-wordpress\/ -->\n<title>CNC-Metallbearbeitung und Fr\u00e4sen - RADIMPEX GROUP<\/title>\n<meta name=\"description\" content=\"Die RADIMPEX-Gruppe ist ein dynamisches Unternehmen, das sich haupts\u00e4chlich mit der Metallbearbeitung und dem Fr\u00e4sen mit CNC-Technologie besch\u00e4ftigt.\" \/>\n<meta name=\"robots\" content=\"index, follow, max-snippet:-1, max-image-preview:large, max-video-preview:-1\" \/>\n<link rel=\"canonical\" href=\"https:\/\/radimpex-group.com\/de\/\" \/>\n<meta property=\"og:locale\" content=\"de_DE\" \/>\n<meta property=\"og:type\" content=\"article\" \/>\n<meta property=\"og:title\" content=\"CNC-Metallbearbeitung und Fr\u00e4sen - RADIMPEX GROUP\" \/>\n<meta property=\"og:description\" content=\"Die RADIMPEX-Gruppe ist ein dynamisches Unternehmen, das sich haupts\u00e4chlich mit der Metallbearbeitung und dem Fr\u00e4sen mit CNC-Technologie besch\u00e4ftigt.\" \/>\n<meta property=\"og:url\" content=\"https:\/\/radimpex-group.com\/de\/\" \/>\n<meta property=\"og:site_name\" content=\"RADIMPEX Group\" \/>\n<meta property=\"article:modified_time\" content=\"2024-04-04T08:14:21+00:00\" \/>\n<meta name=\"twitter:card\" content=\"summary_large_image\" \/>\n<meta name=\"twitter:label1\" content=\"Gesch\u00e4tzte Lesezeit\" \/>\n\t<meta name=\"twitter:data1\" content=\"7\u00a0Minuten\" \/>\n<script type=\"application\/ld+json\" class=\"yoast-schema-graph\">{\"@context\":\"https:\\\/\\\/schema.org\",\"@graph\":[{\"@type\":\"WebPage\",\"@id\":\"https:\\\/\\\/radimpex-group.com\\\/de\\\/\",\"url\":\"https:\\\/\\\/radimpex-group.com\\\/de\\\/\",\"name\":\"CNC-Metallbearbeitung und Fr\u00e4sen - RADIMPEX GROUP\",\"isPartOf\":{\"@id\":\"https:\\\/\\\/radimpex-group.com\\\/#website\"},\"datePublished\":\"2024-03-08T09:10:50+00:00\",\"dateModified\":\"2024-04-04T08:14:21+00:00\",\"description\":\"Die RADIMPEX-Gruppe ist ein dynamisches Unternehmen, das sich haupts\u00e4chlich mit der Metallbearbeitung und dem Fr\u00e4sen mit CNC-Technologie besch\u00e4ftigt.\",\"breadcrumb\":{\"@id\":\"https:\\\/\\\/radimpex-group.com\\\/de\\\/#breadcrumb\"},\"inLanguage\":\"de\",\"potentialAction\":[{\"@type\":\"ReadAction\",\"target\":[\"https:\\\/\\\/radimpex-group.com\\\/de\\\/\"]}]},{\"@type\":\"BreadcrumbList\",\"@id\":\"https:\\\/\\\/radimpex-group.com\\\/de\\\/#breadcrumb\",\"itemListElement\":[{\"@type\":\"ListItem\",\"position\":1,\"name\":\"Dom\u016f\",\"item\":\"https:\\\/\\\/radimpex-group.com\\\/de\\\/\"},{\"@type\":\"ListItem\",\"position\":2,\"name\":\"Startseite\"}]},{\"@type\":\"WebSite\",\"@id\":\"https:\\\/\\\/radimpex-group.com\\\/#website\",\"url\":\"https:\\\/\\\/radimpex-group.com\\\/\",\"name\":\"RADIMPEX Group\",\"description\":\"V\u00e1\u0161 CNC specialista\",\"publisher\":{\"@id\":\"https:\\\/\\\/radimpex-group.com\\\/#organization\"},\"potentialAction\":[{\"@type\":\"SearchAction\",\"target\":{\"@type\":\"EntryPoint\",\"urlTemplate\":\"https:\\\/\\\/radimpex-group.com\\\/?s={search_term_string}\"},\"query-input\":{\"@type\":\"PropertyValueSpecification\",\"valueRequired\":true,\"valueName\":\"search_term_string\"}}],\"inLanguage\":\"de\"},{\"@type\":\"Organization\",\"@id\":\"https:\\\/\\\/radimpex-group.com\\\/#organization\",\"name\":\"RADIMPEX Group\",\"url\":\"https:\\\/\\\/radimpex-group.com\\\/\",\"logo\":{\"@type\":\"ImageObject\",\"inLanguage\":\"de\",\"@id\":\"https:\\\/\\\/radimpex-group.com\\\/#\\\/schema\\\/logo\\\/image\\\/\",\"url\":\"https:\\\/\\\/radimpex-group.com\\\/wp-content\\\/uploads\\\/2024\\\/03\\\/RADIMPEX_Logo-pozitiv.svg\",\"contentUrl\":\"https:\\\/\\\/radimpex-group.com\\\/wp-content\\\/uploads\\\/2024\\\/03\\\/RADIMPEX_Logo-pozitiv.svg\",\"width\":1,\"height\":1,\"caption\":\"RADIMPEX Group\"},\"image\":{\"@id\":\"https:\\\/\\\/radimpex-group.com\\\/#\\\/schema\\\/logo\\\/image\\\/\"}}]}<\/script>\n<!-- \/ Yoast SEO plugin. -->","yoast_head_json":{"title":"CNC-Metallbearbeitung und Fr\u00e4sen - RADIMPEX GROUP","description":"Die RADIMPEX-Gruppe ist ein dynamisches Unternehmen, das sich haupts\u00e4chlich mit der Metallbearbeitung und dem Fr\u00e4sen mit CNC-Technologie besch\u00e4ftigt.","robots":{"index":"index","follow":"follow","max-snippet":"max-snippet:-1","max-image-preview":"max-image-preview:large","max-video-preview":"max-video-preview:-1"},"canonical":"https:\/\/radimpex-group.com\/de\/","og_locale":"de_DE","og_type":"article","og_title":"CNC-Metallbearbeitung und Fr\u00e4sen - RADIMPEX GROUP","og_description":"Die RADIMPEX-Gruppe ist ein dynamisches Unternehmen, das sich haupts\u00e4chlich mit der Metallbearbeitung und dem Fr\u00e4sen mit CNC-Technologie besch\u00e4ftigt.","og_url":"https:\/\/radimpex-group.com\/de\/","og_site_name":"RADIMPEX Group","article_modified_time":"2024-04-04T08:14:21+00:00","twitter_card":"summary_large_image","twitter_misc":{"Gesch\u00e4tzte Lesezeit":"7\u00a0Minuten"},"schema":{"@context":"https:\/\/schema.org","@graph":[{"@type":"WebPage","@id":"https:\/\/radimpex-group.com\/de\/","url":"https:\/\/radimpex-group.com\/de\/","name":"CNC-Metallbearbeitung und Fr\u00e4sen - RADIMPEX GROUP","isPartOf":{"@id":"https:\/\/radimpex-group.com\/#website"},"datePublished":"2024-03-08T09:10:50+00:00","dateModified":"2024-04-04T08:14:21+00:00","description":"Die RADIMPEX-Gruppe ist ein dynamisches Unternehmen, das sich haupts\u00e4chlich mit der Metallbearbeitung und dem Fr\u00e4sen mit CNC-Technologie besch\u00e4ftigt.","breadcrumb":{"@id":"https:\/\/radimpex-group.com\/de\/#breadcrumb"},"inLanguage":"de","potentialAction":[{"@type":"ReadAction","target":["https:\/\/radimpex-group.com\/de\/"]}]},{"@type":"BreadcrumbList","@id":"https:\/\/radimpex-group.com\/de\/#breadcrumb","itemListElement":[{"@type":"ListItem","position":1,"name":"Dom\u016f","item":"https:\/\/radimpex-group.com\/de\/"},{"@type":"ListItem","position":2,"name":"Startseite"}]},{"@type":"WebSite","@id":"https:\/\/radimpex-group.com\/#website","url":"https:\/\/radimpex-group.com\/","name":"RADIMPEX Group","description":"V\u00e1\u0161 CNC specialista","publisher":{"@id":"https:\/\/radimpex-group.com\/#organization"},"potentialAction":[{"@type":"SearchAction","target":{"@type":"EntryPoint","urlTemplate":"https:\/\/radimpex-group.com\/?s={search_term_string}"},"query-input":{"@type":"PropertyValueSpecification","valueRequired":true,"valueName":"search_term_string"}}],"inLanguage":"de"},{"@type":"Organization","@id":"https:\/\/radimpex-group.com\/#organization","name":"RADIMPEX Group","url":"https:\/\/radimpex-group.com\/","logo":{"@type":"ImageObject","inLanguage":"de","@id":"https:\/\/radimpex-group.com\/#\/schema\/logo\/image\/","url":"https:\/\/radimpex-group.com\/wp-content\/uploads\/2024\/03\/RADIMPEX_Logo-pozitiv.svg","contentUrl":"https:\/\/radimpex-group.com\/wp-content\/uploads\/2024\/03\/RADIMPEX_Logo-pozitiv.svg","width":1,"height":1,"caption":"RADIMPEX Group"},"image":{"@id":"https:\/\/radimpex-group.com\/#\/schema\/logo\/image\/"}}]}},"_links":{"self":[{"href":"https:\/\/radimpex-group.com\/de\/wp-json\/wp\/v2\/pages\/426","targetHints":{"allow":["GET"]}}],"collection":[{"href":"https:\/\/radimpex-group.com\/de\/wp-json\/wp\/v2\/pages"}],"about":[{"href":"https:\/\/radimpex-group.com\/de\/wp-json\/wp\/v2\/types\/page"}],"author":[{"embeddable":true,"href":"https:\/\/radimpex-group.com\/de\/wp-json\/wp\/v2\/users\/1"}],"replies":[{"embeddable":true,"href":"https:\/\/radimpex-group.com\/de\/wp-json\/wp\/v2\/comments?post=426"}],"version-history":[{"count":11,"href":"https:\/\/radimpex-group.com\/de\/wp-json\/wp\/v2\/pages\/426\/revisions"}],"predecessor-version":[{"id":492,"href":"https:\/\/radimpex-group.com\/de\/wp-json\/wp\/v2\/pages\/426\/revisions\/492"}],"wp:attachment":[{"href":"https:\/\/radimpex-group.com\/de\/wp-json\/wp\/v2\/media?parent=426"}],"curies":[{"name":"wp","href":"https:\/\/api.w.org\/{rel}","templated":true}]}}